{"id":970,"date":"2017-03-14T02:34:49","date_gmt":"2017-03-14T02:34:49","guid":{"rendered":"http:\/\/ladjicazelenizmaj.si\/?page_id=970"},"modified":"2025-06-23T05:27:01","modified_gmt":"2025-06-23T05:27:01","slug":"chi-siamo","status":"publish","type":"page","link":"http:\/\/ladjicazelenizmaj.si\/it\/chi-siamo\/","title":{"rendered":"Chi siamo"},"content":{"rendered":"<section class=\"wpb-content-wrapper\"><p>[vc_row][vc_column width=&#8221;1\/2&#8243;][vc_column_text]Benvenuti a bordo di Ladjica Zeleni Zmaj d.o.o., dove uniamo anni di esperienza marittima, dedizione e amore per l\u2019acqua in un\u2019esperienza di altissimo livello per i nostri ospiti.<\/p>\n<p>L\u2019azienda \u00e8 stata fondata otto anni fa da D\u017eanan Rakovi\u0107, la cui carriera \u00e8 iniziata molto prima \u2013 con oltre 15 anni di esperienza nella navigazione e nel settore marittimo.<\/p>\n<p>Ha iniziato la sua carriera come cadetto in un\u2019accademia nautica, guidando diversi tipi di imbarcazioni durante il tirocinio, dimostrandosi subito un membro affidabile e appassionato dell\u2019equipaggio. Dopo sette anni di lavoro attivo, ha intrapreso la carriera imprenditoriale, unendo conoscenze, esperienza pratica e passione per la navigazione in una storia solida e di successo.[\/vc_column_text][\/vc_column][vc_column width=&#8221;1\/2&#8243;][vc_single_image image=&#8221;964&#8243; img_size=&#8221;full&#8221; css=&#8221;.vc_custom_1750648124330{padding-top: 30px !important;}&#8221;][\/vc_column][\/vc_row][vc_row][vc_column][vc_column_text]Oggi \u00e8 l\u2019unico capitano ufficialmente certificato sull\u2019intero fiume Ljubljanica \u2013 formato come ufficiale della marina mercantile, lavora anche come secondo ufficiale di coperta su grandi navi e possiede una licenza di Comandante fino a 5000 GT, che garantisce il massimo livello di sicurezza, professionalit\u00e0 e competenza.<\/p>\n<p>Dalla sua fondazione, l\u2019azienda ha effettuato con successo oltre 20.000 navigazioni, inclusi picnic, feste di compleanno, addii al celibato e nubilato, ed eventi privati di ogni tipo \u2013 tutto guidato da un team positivo, energico e dedicato a creare esperienze indimenticabili.<\/p>\n<p>Grazie all\u2019alta qualit\u00e0 del servizio e all\u2019approccio professionale, abbiamo ricevuto numerosi riconoscimenti \u2013 tra cui il Globo di Cristallo e i punteggi pi\u00f9 alti su Compani Wall, a conferma della fiducia e soddisfazione dei nostri clienti.<\/p>\n<p>Ogni giro con noi \u00e8 molto pi\u00f9 di una semplice navigazione \u2013 \u00e8 un\u2019esperienza che resta nel cuore. Unitevi a noi e sentite il battito del fiume in un modo davvero speciale.[\/vc_column_text][\/vc_column][\/vc_row]<\/p>\n<\/section>","protected":false},"excerpt":{"rendered":"<p>[vc_row][vc_column width=&#8221;1\/2&#8243;][vc_column_text]Benvenuti a bordo di Ladjica Zeleni Zmaj d.o.o., dove uniamo anni di esperienza marittima, dedizione e amore per l\u2019acqua in un\u2019esperienza di altissimo livello per i nostri ospiti. L\u2019azienda \u00e8 stata fondata otto anni fa da D\u017eanan Rakovi\u0107, la cui carriera \u00e8 iniziata molto prima \u2013 con oltre 15 anni di esperienza nella navigazione [&hellip;]<\/p>\n","protected":false},"author":1,"featured_media":0,"parent":0,"menu_order":0,"comment_status":"closed","ping_status":"closed","template":"","meta":{"footnotes":""},"class_list":["post-970","page","type-page","status-publish","hentry"],"acf":[],"_links":{"self":[{"href":"http:\/\/ladjicazelenizmaj.si\/it\/wp-json\/wp\/v2\/pages\/970","targetHints":{"allow":["GET"]}}],"collection":[{"href":"http:\/\/ladjicazelenizmaj.si\/it\/wp-json\/wp\/v2\/pages"}],"about":[{"href":"http:\/\/ladjicazelenizmaj.si\/it\/wp-json\/wp\/v2\/types\/page"}],"author":[{"embeddable":true,"href":"http:\/\/ladjicazelenizmaj.si\/it\/wp-json\/wp\/v2\/users\/1"}],"replies":[{"embeddable":true,"href":"http:\/\/ladjicazelenizmaj.si\/it\/wp-json\/wp\/v2\/comments?post=970"}],"version-history":[{"count":4,"href":"http:\/\/ladjicazelenizmaj.si\/it\/wp-json\/wp\/v2\/pages\/970\/revisions"}],"predecessor-version":[{"id":974,"href":"http:\/\/ladjicazelenizmaj.si\/it\/wp-json\/wp\/v2\/pages\/970\/revisions\/974"}],"wp:attachment":[{"href":"http:\/\/ladjicazelenizmaj.si\/it\/wp-json\/wp\/v2\/media?parent=970"}],"curies":[{"name":"wp","href":"https:\/\/api.w.org\/{rel}","templated":true}]}}